{"id":7159,"date":"2026-04-14T21:29:43","date_gmt":"2026-04-14T19:29:43","guid":{"rendered":"https:\/\/tpl-007.zencartcenter.com\/?page_id=7159"},"modified":"2026-04-14T21:42:00","modified_gmt":"2026-04-14T19:42:00","slug":"guia-de-tallas","status":"publish","type":"page","link":"https:\/\/tpl-007.zencartcenter.com\/?page_id=7159","title":{"rendered":"Gu\u00eda de tallas"},"content":{"rendered":"<div class=\"scn-size-guide\">\n<p class=\"scn-size-intro\">\n    Las tallas de camiseta de f\u00fatbol var\u00edan seg\u00fan la marca y la temporada. Esta gu\u00eda consolida los tama\u00f1os<br \/>\n    m\u00e1s habituales de Nike, adidas y Puma. Si dudas entre dos tallas, recomendamos elegir la mayor.\n  <\/p>\n<p class=\"scn-size-tip\">\n    Mide el pecho con los brazos relajados, en la parte m\u00e1s ancha. Para una camiseta con ajuste holgado,<br \/>\n    escoge una talla por encima del rango indicado.\n  <\/p>\n<figure class=\"scn-size-table\"><figcaption><strong>Hombre adulto<\/strong><\/figcaption><table>\n<thead>\n<tr>\n<th>Talla<\/th>\n<th>Pecho (cm)<\/th>\n<th>Pecho (in)<\/th>\n<th>Altura (cm)<\/th>\n<th>EU<\/th>\n<th>US<\/th>\n<th>UK<\/th>\n<\/tr>\n<\/thead>\n<tbody>\n<tr>\n<th scope=\"row\">XS<\/th>\n<td>86-91<\/td>\n<td>34-36<\/td>\n<td>165-170<\/td>\n<td>44<\/td>\n<td>XS<\/td>\n<td>34<\/td>\n<\/tr>\n<tr>\n<th scope=\"row\">S<\/th>\n<td>91-96<\/td>\n<td>36-38<\/td>\n<td>170-175<\/td>\n<td>46<\/td>\n<td>S<\/td>\n<td>36<\/td>\n<\/tr>\n<tr>\n<th scope=\"row\">M<\/th>\n<td>96-102<\/td>\n<td>38-40<\/td>\n<td>175-180<\/td>\n<td>48<\/td>\n<td>M<\/td>\n<td>38<\/td>\n<\/tr>\n<tr>\n<th scope=\"row\">L<\/th>\n<td>102-107<\/td>\n<td>40-42<\/td>\n<td>180-185<\/td>\n<td>50<\/td>\n<td>L<\/td>\n<td>40<\/td>\n<\/tr>\n<tr>\n<th scope=\"row\">XL<\/th>\n<td>107-112<\/td>\n<td>42-44<\/td>\n<td>185-190<\/td>\n<td>52<\/td>\n<td>XL<\/td>\n<td>42<\/td>\n<\/tr>\n<tr>\n<th scope=\"row\">2XL<\/th>\n<td>112-117<\/td>\n<td>44-46<\/td>\n<td>190-195<\/td>\n<td>54<\/td>\n<td>2XL<\/td>\n<td>44<\/td>\n<\/tr>\n<tr>\n<th scope=\"row\">3XL<\/th>\n<td>117-122<\/td>\n<td>46-48<\/td>\n<td>195-200<\/td>\n<td>56<\/td>\n<td>3XL<\/td>\n<td>46<\/td>\n<\/tr>\n<\/tbody>\n<\/table>\n<\/figure>\n<figure class=\"scn-size-table\"><figcaption><strong>Mujer<\/strong><\/figcaption><table>\n<thead>\n<tr>\n<th>Talla<\/th>\n<th>Pecho (cm)<\/th>\n<th>Cintura (cm)<\/th>\n<th>EU<\/th>\n<th>US<\/th>\n<\/tr>\n<\/thead>\n<tbody>\n<tr>\n<th scope=\"row\">XS<\/th>\n<td>78-82<\/td>\n<td>60-64<\/td>\n<td>34<\/td>\n<td>2<\/td>\n<\/tr>\n<tr>\n<th scope=\"row\">S<\/th>\n<td>82-86<\/td>\n<td>64-68<\/td>\n<td>36<\/td>\n<td>4<\/td>\n<\/tr>\n<tr>\n<th scope=\"row\">M<\/th>\n<td>86-92<\/td>\n<td>68-74<\/td>\n<td>38<\/td>\n<td>6<\/td>\n<\/tr>\n<tr>\n<th scope=\"row\">L<\/th>\n<td>92-98<\/td>\n<td>74-80<\/td>\n<td>40<\/td>\n<td>8<\/td>\n<\/tr>\n<tr>\n<th scope=\"row\">XL<\/th>\n<td>98-104<\/td>\n<td>80-86<\/td>\n<td>42<\/td>\n<td>10<\/td>\n<\/tr>\n<\/tbody>\n<\/table>\n<\/figure>\n<figure class=\"scn-size-table\"><figcaption><strong>Ni\u00f1o \/ Juvenil<\/strong><\/figcaption><table>\n<thead>\n<tr>\n<th>Talla<\/th>\n<th>Edad<\/th>\n<th>Altura (cm)<\/th>\n<th>EU<\/th>\n<\/tr>\n<\/thead>\n<tbody>\n<tr>\n<th scope=\"row\">XS<\/th>\n<td>5-6 a\u00f1os<\/td>\n<td>110-116<\/td>\n<td>116<\/td>\n<\/tr>\n<tr>\n<th scope=\"row\">S<\/th>\n<td>6-8 a\u00f1os<\/td>\n<td>116-128<\/td>\n<td>128<\/td>\n<\/tr>\n<tr>\n<th scope=\"row\">M<\/th>\n<td>8-10 a\u00f1os<\/td>\n<td>128-140<\/td>\n<td>140<\/td>\n<\/tr>\n<tr>\n<th scope=\"row\">L<\/th>\n<td>10-12 a\u00f1os<\/td>\n<td>140-152<\/td>\n<td>152<\/td>\n<\/tr>\n<tr>\n<th scope=\"row\">XL<\/th>\n<td>12-14 a\u00f1os<\/td>\n<td>152-164<\/td>\n<td>164<\/td>\n<\/tr>\n<\/tbody>\n<\/table>\n<\/figure>\n<p class=\"scn-size-note\">\u00bfNecesitas ayuda para elegir? Escr\u00edbenos por WhatsApp y te asesoramos.<\/p>\n<\/div>\n<style>\n.scn-size-guide{max-width:820px;margin:0 auto;font-size:15px;line-height:1.55;color:#1f2937}\n.scn-size-guide figure{margin:22px 0;overflow-x:auto}\n.scn-size-guide figcaption{font-size:14px;text-transform:uppercase;letter-spacing:.05em;color:#64748b;margin-bottom:6px}\n.scn-size-guide table{border-collapse:collapse;width:100%;border:1px solid #e5e7eb;background:#fff}\n.scn-size-guide th,.scn-size-guide td{padding:9px 12px;border-bottom:1px solid #f1f5f9;text-align:left;font-size:14px}\n.scn-size-guide thead th{background:#f8fafc;font-weight:600;color:#334155}\n.scn-size-guide tr:hover td{background:#f8fafc}\n.scn-size-intro,.scn-size-tip,.scn-size-note{margin:10px 0}\n<\/style>\n","protected":false},"excerpt":{"rendered":"<p>Las tallas de camiseta de f\u00fatbol var\u00edan seg\u00fan la marca y la temporada. Esta gu\u00eda consolida los tama\u00f1os m\u00e1s habituales de Nike, adidas y Puma. Si dudas entre dos tallas, recomendamos elegir la mayor. Mide el pecho con los brazos relajados, en la parte m\u00e1s ancha. Para una camiseta con ajuste holgado, escoge una talla [&hellip;]<\/p>\n","protected":false},"author":0,"featured_media":0,"parent":0,"menu_order":0,"comment_status":"closed","ping_status":"closed","template":"","meta":{"_joinchat":[],"footnotes":""},"class_list":["post-7159","page","type-page","status-publish","hentry"],"_links":{"self":[{"href":"https:\/\/tpl-007.zencartcenter.com\/index.php?rest_route=\/wp\/v2\/pages\/7159","targetHints":{"allow":["GET"]}}],"collection":[{"href":"https:\/\/tpl-007.zencartcenter.com\/index.php?rest_route=\/wp\/v2\/pages"}],"about":[{"href":"https:\/\/tpl-007.zencartcenter.com\/index.php?rest_route=\/wp\/v2\/types\/page"}],"replies":[{"embeddable":true,"href":"https:\/\/tpl-007.zencartcenter.com\/index.php?rest_route=%2Fwp%2Fv2%2Fcomments&post=7159"}],"version-history":[{"count":1,"href":"https:\/\/tpl-007.zencartcenter.com\/index.php?rest_route=\/wp\/v2\/pages\/7159\/revisions"}],"predecessor-version":[{"id":7169,"href":"https:\/\/tpl-007.zencartcenter.com\/index.php?rest_route=\/wp\/v2\/pages\/7159\/revisions\/7169"}],"wp:attachment":[{"href":"https:\/\/tpl-007.zencartcenter.com\/index.php?rest_route=%2Fwp%2Fv2%2Fmedia&parent=7159"}],"curies":[{"name":"wp","href":"https:\/\/api.w.org\/{rel}","templated":true}]}}